{"id":6,"date":"2011-09-08T05:09:36","date_gmt":"2011-09-08T05:09:36","guid":{"rendered":"http:\/\/ingerhansson.com\/?page_id=6"},"modified":"2023-04-19T18:55:26","modified_gmt":"2023-04-19T16:55:26","slug":"varmt-valkommen-till-inger-hanssons-hemsida","status":"publish","type":"page","link":"https:\/\/ingerhansson.com\/","title":{"rendered":"Varmt v\u00e4lkommen till min sida!"},"content":{"rendered":"\n<hr class=\"wp-block-separator has-css-opacity\" \/>\n\n\n\n<p>T\u00e4nk att f\u00e5 ha ett arbete som \u00e4r s\u00e5 roligt s\u00e5 det knappt kan betecknas som ett arbete. Utan ren gl\u00e4dje varje g\u00e5ng. Att f\u00f6rel\u00e4sa ger energi.<\/p>\n\n\n\n<p>F\u00f6rhoppningsvis ger det energi till er lyssnare ocks\u00e5.<\/p>\n\n\n\n<p>Tr\u00f6ttnar jag aldrig? Nej, inte p\u00e5 att f\u00f6rel\u00e4sa. D\u00e4remot att resa s\u00e5 l\u00e5ngt bort att jag m\u00e5ste sova \u00f6ver. Lyxen \u00e4r att f\u00e5 sova hemma. Men man kommer l\u00e5ngt fram och tillbaka p\u00e5 en dag. En dag kanske jag best\u00e4mmer mig f\u00f6r att sluta f\u00f6rel\u00e4sa helt och leva p\u00e5 alla fina minnen som \u00e5h\u00f6rare gett mig och alla orter som jag haft f\u00f6rm\u00e5nen att bes\u00f6ka. Men inte riktigt \u00e4n. Varf\u00f6r ta bort n\u00e5got som \u00e4r roligt?<\/p>\n\n\n\n<p>S\u00e5 varmt v\u00e4lkommen att ringa, maila eller s\u00e4nda post, s\u00e5 kanske vi h\u00f6rs och \u00e4ven ses.<\/p>\n\n\n\n<p>Var r\u00e4dd om dig. Det finns bara en av dig.<\/p>\n","protected":false},"excerpt":{"rendered":"<p>T\u00e4nk att f\u00e5 ha ett arbete som \u00e4r s\u00e5 roligt s\u00e5 det knappt kan betecknas som ett arbete. Utan ren gl\u00e4dje varje g\u00e5ng. Att f\u00f6rel\u00e4sa ger energi. F\u00f6rhoppningsvis ger det energi till er lyssnare ocks\u00e5. Tr\u00f6ttnar jag aldrig? Nej, inte &hellip; <a class=\"more-link\" href=\"https:\/\/ingerhansson.com\/\">L\u00e4s mer <span class=\"meta-nav\">&rarr;<\/span><\/a><\/p>\n","protected":false},"author":1,"featured_media":0,"parent":0,"menu_order":1,"comment_status":"closed","ping_status":"closed","template":"","meta":{"footnotes":""},"class_list":["post-6","page","type-page","status-publish","hentry"],"_links":{"self":[{"href":"https:\/\/ingerhansson.com\/index.php?rest_route=\/wp\/v2\/pages\/6","targetHints":{"allow":["GET"]}}],"collection":[{"href":"https:\/\/ingerhansson.com\/index.php?rest_route=\/wp\/v2\/pages"}],"about":[{"href":"https:\/\/ingerhansson.com\/index.php?rest_route=\/wp\/v2\/types\/page"}],"author":[{"embeddable":true,"href":"https:\/\/ingerhansson.com\/index.php?rest_route=\/wp\/v2\/users\/1"}],"replies":[{"embeddable":true,"href":"https:\/\/ingerhansson.com\/index.php?rest_route=%2Fwp%2Fv2%2Fcomments&post=6"}],"version-history":[{"count":5,"href":"https:\/\/ingerhansson.com\/index.php?rest_route=\/wp\/v2\/pages\/6\/revisions"}],"predecessor-version":[{"id":3022,"href":"https:\/\/ingerhansson.com\/index.php?rest_route=\/wp\/v2\/pages\/6\/revisions\/3022"}],"wp:attachment":[{"href":"https:\/\/ingerhansson.com\/index.php?rest_route=%2Fwp%2Fv2%2Fmedia&parent=6"}],"curies":[{"name":"wp","href":"https:\/\/api.w.org\/{rel}","templated":true}]}}