{"id":14,"date":"2011-09-08T05:11:51","date_gmt":"2011-09-08T05:11:51","guid":{"rendered":"http:\/\/ingerhansson.com\/?page_id=14"},"modified":"2015-03-21T18:37:50","modified_gmt":"2015-03-21T17:37:50","slug":"om-mig","status":"publish","type":"page","link":"http:\/\/ingerhansson.com\/?page_id=14","title":{"rendered":"Om mig"},"content":{"rendered":"<p>Som f\u00f6rel\u00e4sare vill jag ber\u00f6ra. Min \u00f6vertygelse \u00e4r att om \u00e5h\u00f6rarna f\u00e5r skratta emellan\u00e5t trots att budskapet \u00e4r allvarligt s\u00e5 lyssnar man b\u00e4ttre. Humor \u00e4r en bristvara p\u00e5 m\u00e5nga arbetsplatser. Skrattet sammanf\u00f6r oss m\u00e4nniskor och vi arbetar b\u00e4ttre tillsammans om vi kan ha roligt under tiden.<\/p>\n<p>Alla m\u00e4nniskor har sin livshistoria, de flesta har upplevt n\u00e5got sv\u00e5rt under sin livstid och jag tror om vi delgav v\u00e5ra sv\u00e5righeter s\u00e5 skulle f\u00f6rst\u00e5elsen \u00f6ka oss m\u00e4nniskor emellan.<\/p>\n<p>Min egen livshistoria \u00e4r, att tv\u00e5 av mina fyra d\u00f6ttrar \u00e4r i himmelen, den ena dog som barn och den andra som vuxen kvinna. Men jag har tv\u00e5 underbara d\u00f6ttrar p\u00e5 jorden som \u00e4r guld v\u00e4rda.<\/p>\n<p>Man ska vara r\u00e4dd om sig sj\u00e4lv s\u00e5 l\u00e4nge man har sig.<\/p>\n<p>Eftersom jag fullst\u00e4ndigt \u00e4lskar citat avslutar jag med ett.<\/p>\n<p><em>\u201dGe mig g\u00e5van att acceptera det jag inte kan f\u00f6r\u00e4ndra, mod att f\u00f6r\u00e4ndra det jag kan och f\u00f6rst\u00e5nd att inse skillnaden.\u201d<\/em> &#8211; Reinhold Niebuhr<\/p>\n","protected":false},"excerpt":{"rendered":"<p>Som f\u00f6rel\u00e4sare vill jag ber\u00f6ra. Min \u00f6vertygelse \u00e4r att om \u00e5h\u00f6rarna f\u00e5r skratta emellan\u00e5t trots att budskapet \u00e4r allvarligt s\u00e5 lyssnar man b\u00e4ttre. Humor \u00e4r en bristvara p\u00e5 m\u00e5nga arbetsplatser. Skrattet sammanf\u00f6r oss m\u00e4nniskor och vi arbetar b\u00e4ttre tillsammans om &hellip; <a class=\"more-link\" href=\"http:\/\/ingerhansson.com\/?page_id=14\">L\u00e4s mer <span class=\"meta-nav\">&rarr;<\/span><\/a><\/p>\n","protected":false},"author":1,"featured_media":0,"parent":0,"menu_order":5,"comment_status":"closed","ping_status":"closed","template":"","meta":{"footnotes":""},"class_list":["post-14","page","type-page","status-publish","hentry"],"_links":{"self":[{"href":"http:\/\/ingerhansson.com\/index.php?rest_route=\/wp\/v2\/pages\/14","targetHints":{"allow":["GET"]}}],"collection":[{"href":"http:\/\/ingerhansson.com\/index.php?rest_route=\/wp\/v2\/pages"}],"about":[{"href":"http:\/\/ingerhansson.com\/index.php?rest_route=\/wp\/v2\/types\/page"}],"author":[{"embeddable":true,"href":"http:\/\/ingerhansson.com\/index.php?rest_route=\/wp\/v2\/users\/1"}],"replies":[{"embeddable":true,"href":"http:\/\/ingerhansson.com\/index.php?rest_route=%2Fwp%2Fv2%2Fcomments&post=14"}],"version-history":[{"count":0,"href":"http:\/\/ingerhansson.com\/index.php?rest_route=\/wp\/v2\/pages\/14\/revisions"}],"wp:attachment":[{"href":"http:\/\/ingerhansson.com\/index.php?rest_route=%2Fwp%2Fv2%2Fmedia&parent=14"}],"curies":[{"name":"wp","href":"https:\/\/api.w.org\/{rel}","templated":true}]}}